{"id":209,"date":"2026-02-24T14:13:03","date_gmt":"2026-02-24T14:13:03","guid":{"rendered":"https:\/\/urinal.aquariushost.net\/?page_id=209"},"modified":"2026-03-06T12:52:01","modified_gmt":"2026-03-06T12:52:01","slug":"blog","status":"publish","type":"page","link":"https:\/\/urinal.aquariushost.net\/index.php\/blog\/","title":{"rendered":"Blog"},"content":{"rendered":"\t\t<div data-elementor-type=\"wp-page\" data-elementor-id=\"209\" class=\"elementor elementor-209\" data-elementor-post-type=\"page\">\n\t\t\t\t<div class=\"elementor-element elementor-element-2f56011 e-flex e-con-boxed e-con e-parent\" data-id=\"2f56011\" data-element_type=\"container\" data-e-type=\"container\">\n\t\t\t\t\t<div class=\"e-con-inner\">\n\t\t\t\t<div class=\"elementor-element elementor-element-34d851b elementor-widget elementor-widget-heading\" data-id=\"34d851b\" data-element_type=\"widget\" data-e-type=\"widget\" data-widget_type=\"heading.default\">\n\t\t\t\t\t<h1 class=\"elementor-heading-title elementor-size-default\">BLOG<\/h1>\t\t\t\t<\/div>\n\t\t\t\t\t<\/div>\n\t\t\t\t<\/div>\n\t\t<div class=\"elementor-element elementor-element-0dbce03 e-flex e-con-boxed e-con e-parent\" data-id=\"0dbce03\" data-element_type=\"container\" data-e-type=\"container\">\n\t\t\t\t\t<div class=\"e-con-inner\">\n\t\t\t\t<div class=\"elementor-element elementor-element-d7dfc53 elementor-grid-2 elementor-grid-tablet-2 elementor-grid-mobile-1 elementor-posts--thumbnail-top elementor-card-shadow-yes elementor-posts__hover-gradient elementor-widget elementor-widget-posts\" data-id=\"d7dfc53\" data-element_type=\"widget\" data-e-type=\"widget\" data-settings=\"{&quot;pagination_type&quot;:&quot;load_more_infinite_scroll&quot;,&quot;cards_columns&quot;:&quot;2&quot;,&quot;cards_row_gap&quot;:{&quot;unit&quot;:&quot;px&quot;,&quot;size&quot;:34,&quot;sizes&quot;:[]},&quot;cards_columns_tablet&quot;:&quot;2&quot;,&quot;cards_columns_mobile&quot;:&quot;1&quot;,&quot;cards_row_gap_tablet&quot;:{&quot;unit&quot;:&quot;px&quot;,&quot;size&quot;:&quot;&quot;,&quot;sizes&quot;:[]},&quot;cards_row_gap_mobile&quot;:{&quot;unit&quot;:&quot;px&quot;,&quot;size&quot;:&quot;&quot;,&quot;sizes&quot;:[]},&quot;load_more_spinner&quot;:{&quot;value&quot;:&quot;fas fa-spinner&quot;,&quot;library&quot;:&quot;fa-solid&quot;}}\" data-widget_type=\"posts.cards\">\n\t\t\t\t<div class=\"elementor-widget-container\">\n\t\t\t\t\t\t\t<div class=\"elementor-posts-container elementor-posts elementor-posts--skin-cards elementor-grid\" role=\"list\">\n\t\t\t\t<article class=\"elementor-post elementor-grid-item post-222 post type-post status-publish format-standard has-post-thumbnail hentry category-uncategorized\" role=\"listitem\">\n\t\t\t<div class=\"elementor-post__card\">\n\t\t\t\t<a class=\"elementor-post__thumbnail__link\" href=\"https:\/\/urinal.aquariushost.net\/index.php\/2026\/02\/24\/zastitite-se-od-infekcija-urinarnog-trakta\/\" tabindex=\"-1\" ><div class=\"elementor-post__thumbnail\"><img fetchpriority=\"high\" decoding=\"async\" width=\"300\" height=\"200\" src=\"https:\/\/urinal.aquariushost.net\/wp-content\/uploads\/2026\/02\/blog5-300x200.jpg\" class=\"attachment-medium size-medium wp-image-246\" alt=\"\" srcset=\"https:\/\/urinal.aquariushost.net\/wp-content\/uploads\/2026\/02\/blog5-300x200.jpg 300w, https:\/\/urinal.aquariushost.net\/wp-content\/uploads\/2026\/02\/blog5-768x512.jpg 768w, https:\/\/urinal.aquariushost.net\/wp-content\/uploads\/2026\/02\/blog5.jpg 790w\" sizes=\"(max-width: 300px) 100vw, 300px\" \/><\/div><\/a>\n\t\t\t\t<div class=\"elementor-post__badge\">Uncategorized<\/div>\n\t\t\t\t<div class=\"elementor-post__text\">\n\t\t\t\t<h3 class=\"elementor-post__title\">\n\t\t\t<a href=\"https:\/\/urinal.aquariushost.net\/index.php\/2026\/02\/24\/zastitite-se-od-infekcija-urinarnog-trakta\/\" >\n\t\t\t\tZa\u0161titite se od infekcija urinarnog trakta!\t\t\t<\/a>\n\t\t<\/h3>\n\t\t\t\t<div class=\"elementor-post__excerpt\">\n\t\t\t<p>Gotovo svaka \u017eena se barem jednom u \u017eivotu susretne s infekcijom urinarnog trakta (IUT). Ako ste ve\u0107 ranije imali probleme s urinarnim traktom, potrebno je<\/p>\n\t\t<\/div>\n\t\t\n\t\t<a class=\"elementor-post__read-more\" href=\"https:\/\/urinal.aquariushost.net\/index.php\/2026\/02\/24\/zastitite-se-od-infekcija-urinarnog-trakta\/\" aria-label=\"Read more about Za\u0161titite se od infekcija urinarnog trakta!\" tabindex=\"-1\" >\n\t\t\tPro\u010ditaj vi\u0161e \u00bb\t\t<\/a>\n\n\t\t\t\t<\/div>\n\t\t\t\t\t<\/div>\n\t\t<\/article>\n\t\t\t\t<article class=\"elementor-post elementor-grid-item post-202 post type-post status-publish format-standard has-post-thumbnail hentry category-uncategorized\" role=\"listitem\">\n\t\t\t<div class=\"elementor-post__card\">\n\t\t\t\t<a class=\"elementor-post__thumbnail__link\" href=\"https:\/\/urinal.aquariushost.net\/index.php\/2026\/02\/24\/da-li-se-borite-sa-infekcijama-urinarnog-trakta\/\" tabindex=\"-1\" ><div class=\"elementor-post__thumbnail\"><img decoding=\"async\" width=\"300\" height=\"200\" src=\"https:\/\/urinal.aquariushost.net\/wp-content\/uploads\/2026\/02\/blog6-300x200.jpg\" class=\"attachment-medium size-medium wp-image-247\" alt=\"\" srcset=\"https:\/\/urinal.aquariushost.net\/wp-content\/uploads\/2026\/02\/blog6-300x200.jpg 300w, https:\/\/urinal.aquariushost.net\/wp-content\/uploads\/2026\/02\/blog6-768x512.jpg 768w, https:\/\/urinal.aquariushost.net\/wp-content\/uploads\/2026\/02\/blog6.jpg 790w\" sizes=\"(max-width: 300px) 100vw, 300px\" \/><\/div><\/a>\n\t\t\t\t<div class=\"elementor-post__badge\">Uncategorized<\/div>\n\t\t\t\t<div class=\"elementor-post__text\">\n\t\t\t\t<h3 class=\"elementor-post__title\">\n\t\t\t<a href=\"https:\/\/urinal.aquariushost.net\/index.php\/2026\/02\/24\/da-li-se-borite-sa-infekcijama-urinarnog-trakta\/\" >\n\t\t\t\tDa li se borite sa infekcijama urinarnog trakta?\t\t\t<\/a>\n\t\t<\/h3>\n\t\t\t\t<div class=\"elementor-post__excerpt\">\n\t\t\t<p>Bez obzira na to koliko ste oprezni, infekcije urinarnog trakta mogu vas iznenaditi. Osim u\u010destalih seksualnih odnosa, koji predstavljaju glavni faktor rizika, neadekvatna intimna higijena<\/p>\n\t\t<\/div>\n\t\t\n\t\t<a class=\"elementor-post__read-more\" href=\"https:\/\/urinal.aquariushost.net\/index.php\/2026\/02\/24\/da-li-se-borite-sa-infekcijama-urinarnog-trakta\/\" aria-label=\"Read more about Da li se borite sa infekcijama urinarnog trakta?\" tabindex=\"-1\" >\n\t\t\tPro\u010ditaj vi\u0161e \u00bb\t\t<\/a>\n\n\t\t\t\t<\/div>\n\t\t\t\t\t<\/div>\n\t\t<\/article>\n\t\t\t\t<article class=\"elementor-post elementor-grid-item post-195 post type-post status-publish format-standard has-post-thumbnail hentry category-uncategorized\" role=\"listitem\">\n\t\t\t<div class=\"elementor-post__card\">\n\t\t\t\t<a class=\"elementor-post__thumbnail__link\" href=\"https:\/\/urinal.aquariushost.net\/index.php\/2026\/02\/24\/bakterijska-infekcija-ili-prehlada\/\" tabindex=\"-1\" ><div class=\"elementor-post__thumbnail\"><img decoding=\"async\" width=\"300\" height=\"200\" src=\"https:\/\/urinal.aquariushost.net\/wp-content\/uploads\/2026\/02\/blog2-300x200.jpg\" class=\"attachment-medium size-medium wp-image-198\" alt=\"\" srcset=\"https:\/\/urinal.aquariushost.net\/wp-content\/uploads\/2026\/02\/blog2-300x200.jpg 300w, https:\/\/urinal.aquariushost.net\/wp-content\/uploads\/2026\/02\/blog2-1024x683.jpg 1024w, https:\/\/urinal.aquariushost.net\/wp-content\/uploads\/2026\/02\/blog2-768x513.jpg 768w, https:\/\/urinal.aquariushost.net\/wp-content\/uploads\/2026\/02\/blog2-1536x1025.jpg 1536w, https:\/\/urinal.aquariushost.net\/wp-content\/uploads\/2026\/02\/blog2.jpg 1948w\" sizes=\"(max-width: 300px) 100vw, 300px\" \/><\/div><\/a>\n\t\t\t\t<div class=\"elementor-post__badge\">Uncategorized<\/div>\n\t\t\t\t<div class=\"elementor-post__text\">\n\t\t\t\t<h3 class=\"elementor-post__title\">\n\t\t\t<a href=\"https:\/\/urinal.aquariushost.net\/index.php\/2026\/02\/24\/bakterijska-infekcija-ili-prehlada\/\" >\n\t\t\t\tBakterijska infekcija ili prehlada?\t\t\t<\/a>\n\t\t<\/h3>\n\t\t\t\t<div class=\"elementor-post__excerpt\">\n\t\t\t<p>Prehlada i cistitis (infekcija mokra\u0107nih puteva)\u2026 ima li to zaista veze s hladno\u0107om? \u201eNemoj sjediti na hladnom betonu, prehladit \u0107e\u0161 se!\u201c \u2013 re\u010denica je koju<\/p>\n\t\t<\/div>\n\t\t\n\t\t<a class=\"elementor-post__read-more\" href=\"https:\/\/urinal.aquariushost.net\/index.php\/2026\/02\/24\/bakterijska-infekcija-ili-prehlada\/\" aria-label=\"Read more about Bakterijska infekcija ili prehlada?\" tabindex=\"-1\" >\n\t\t\tPro\u010ditaj vi\u0161e \u00bb\t\t<\/a>\n\n\t\t\t\t<\/div>\n\t\t\t\t\t<\/div>\n\t\t<\/article>\n\t\t\t\t<\/div>\n\t\t\t\t\t<span class=\"e-load-more-spinner\">\n\t\t\t\t<svg aria-hidden=\"true\" class=\"e-font-icon-svg e-fas-spinner\" viewBox=\"0 0 512 512\" xmlns=\"http:\/\/www.w3.org\/2000\/svg\"><path d=\"M304 48c0 26.51-21.49 48-48 48s-48-21.49-48-48 21.49-48 48-48 48 21.49 48 48zm-48 368c-26.51 0-48 21.49-48 48s21.49 48 48 48 48-21.49 48-48-21.49-48-48-48zm208-208c-26.51 0-48 21.49-48 48s21.49 48 48 48 48-21.49 48-48-21.49-48-48-48zM96 256c0-26.51-21.49-48-48-48S0 229.49 0 256s21.49 48 48 48 48-21.49 48-48zm12.922 99.078c-26.51 0-48 21.49-48 48s21.49 48 48 48 48-21.49 48-48c0-26.509-21.491-48-48-48zm294.156 0c-26.51 0-48 21.49-48 48s21.49 48 48 48 48-21.49 48-48c0-26.509-21.49-48-48-48zM108.922 60.922c-26.51 0-48 21.49-48 48s21.49 48 48 48 48-21.49 48-48-21.491-48-48-48z\"><\/path><\/svg>\t\t\t<\/span>\n\t\t\n\t\t\t\t\t\t<\/div>\n\t\t\t\t<\/div>\n\t\t\t\t\t<\/div>\n\t\t\t\t<\/div>\n\t\t\t\t<\/div>\n\t\t","protected":false},"excerpt":{"rendered":"<p>BLOG<\/p>\n","protected":false},"author":1,"featured_media":0,"parent":0,"menu_order":0,"comment_status":"closed","ping_status":"closed","template":"","meta":{"footnotes":""},"class_list":["post-209","page","type-page","status-publish","hentry"],"_links":{"self":[{"href":"https:\/\/urinal.aquariushost.net\/index.php\/wp-json\/wp\/v2\/pages\/209","targetHints":{"allow":["GET"]}}],"collection":[{"href":"https:\/\/urinal.aquariushost.net\/index.php\/wp-json\/wp\/v2\/pages"}],"about":[{"href":"https:\/\/urinal.aquariushost.net\/index.php\/wp-json\/wp\/v2\/types\/page"}],"author":[{"embeddable":true,"href":"https:\/\/urinal.aquariushost.net\/index.php\/wp-json\/wp\/v2\/users\/1"}],"replies":[{"embeddable":true,"href":"https:\/\/urinal.aquariushost.net\/index.php\/wp-json\/wp\/v2\/comments?post=209"}],"version-history":[{"count":28,"href":"https:\/\/urinal.aquariushost.net\/index.php\/wp-json\/wp\/v2\/pages\/209\/revisions"}],"predecessor-version":[{"id":418,"href":"https:\/\/urinal.aquariushost.net\/index.php\/wp-json\/wp\/v2\/pages\/209\/revisions\/418"}],"wp:attachment":[{"href":"https:\/\/urinal.aquariushost.net\/index.php\/wp-json\/wp\/v2\/media?parent=209"}],"curies":[{"name":"wp","href":"https:\/\/api.w.org\/{rel}","templated":true}]}}