{"id":312,"date":"2026-03-06T10:37:41","date_gmt":"2026-03-06T10:37:41","guid":{"rendered":"https:\/\/urinal.aquariushost.net\/?page_id=312"},"modified":"2026-04-03T09:22:54","modified_gmt":"2026-04-03T09:22:54","slug":"urinal-epress-ph","status":"publish","type":"page","link":"https:\/\/urinal.aquariushost.net\/index.php\/urinal-epress-ph\/","title":{"rendered":"Urinal Epress pH"},"content":{"rendered":"\t\t<div data-elementor-type=\"wp-page\" data-elementor-id=\"312\" class=\"elementor elementor-312\" data-elementor-post-type=\"page\">\n\t\t\t\t<div class=\"elementor-element elementor-element-33f198c e-flex e-con-boxed e-con e-parent\" data-id=\"33f198c\" data-element_type=\"container\" data-e-type=\"container\" data-settings=\"{&quot;background_background&quot;:&quot;classic&quot;}\">\n\t\t\t\t\t<div class=\"e-con-inner\">\n\t\t<div class=\"elementor-element elementor-element-7a6dd55 e-con-full e-flex e-con e-child\" data-id=\"7a6dd55\" data-element_type=\"container\" data-e-type=\"container\" data-settings=\"{&quot;background_background&quot;:&quot;classic&quot;}\">\n\t\t\t\t<div class=\"elementor-element elementor-element-eb493fc elementor-widget__width-initial elementor-widget elementor-widget-image\" data-id=\"eb493fc\" data-element_type=\"widget\" data-e-type=\"widget\" data-widget_type=\"image.default\">\n\t\t\t\t\t\t\t\t\t\t\t\t\t\t\t<img fetchpriority=\"high\" decoding=\"async\" width=\"628\" height=\"669\" src=\"https:\/\/urinal.aquariushost.net\/wp-content\/uploads\/2026\/02\/1-urinal-ekspress-manji.png\" class=\"attachment-large size-large wp-image-38\" alt=\"\" srcset=\"https:\/\/urinal.aquariushost.net\/wp-content\/uploads\/2026\/02\/1-urinal-ekspress-manji.png 628w, https:\/\/urinal.aquariushost.net\/wp-content\/uploads\/2026\/02\/1-urinal-ekspress-manji-282x300.png 282w\" sizes=\"(max-width: 628px) 100vw, 628px\" \/>\t\t\t\t\t\t\t\t\t\t\t\t\t\t\t<\/div>\n\t\t\t\t<\/div>\n\t\t<div class=\"elementor-element elementor-element-da8dca9 e-con-full e-flex e-con e-child\" data-id=\"da8dca9\" data-element_type=\"container\" data-e-type=\"container\" data-settings=\"{&quot;background_background&quot;:&quot;classic&quot;}\">\n\t\t\t\t<div class=\"elementor-element elementor-element-82964ef elementor-widget elementor-widget-heading\" data-id=\"82964ef\" data-element_type=\"widget\" data-e-type=\"widget\" data-widget_type=\"heading.default\">\n\t\t\t\t\t<h2 class=\"elementor-heading-title elementor-size-default\">Urinal express pH<\/h2>\t\t\t\t<\/div>\n\t\t\t\t<div class=\"elementor-element elementor-element-159c1d6 elementor-widget elementor-widget-text-editor\" data-id=\"159c1d6\" data-element_type=\"widget\" data-e-type=\"widget\" data-widget_type=\"text-editor.default\">\n\t\t\t\t\t\t\t\t\t<p><strong>Dodatak ishrani<\/strong><\/p>\t\t\t\t\t\t\t\t<\/div>\n\t\t\t\t<div class=\"elementor-element elementor-element-e81dde5 elementor-widget elementor-widget-text-editor\" data-id=\"e81dde5\" data-element_type=\"widget\" data-e-type=\"widget\" data-widget_type=\"text-editor.default\">\n\t\t\t\t\t\t\t\t\t<p><strong>Brza pomo\u0107 kod bolnih urinarnih infekcija!<\/strong><\/p>\t\t\t\t\t\t\t\t<\/div>\n\t\t\t\t<div class=\"elementor-element elementor-element-d71022e elementor-widget elementor-widget-text-editor\" data-id=\"d71022e\" data-element_type=\"widget\" data-e-type=\"widget\" data-widget_type=\"text-editor.default\">\n\t\t\t\t\t\t\t\t\t<p>Urinal Express pH donosi brzo olak\u0161anje simptoma urinarne infekcije i neutrali\u0161e kiseli pH urina koji je odgovoran za nastanak bola i osje\u0107anja peckanja i \u017earenja.<\/p>\t\t\t\t\t\t\t\t<\/div>\n\t\t\t\t<div class=\"elementor-element elementor-element-9a7edf5 elementor-widget elementor-widget-button\" data-id=\"9a7edf5\" data-element_type=\"widget\" data-e-type=\"widget\" data-widget_type=\"button.default\">\n\t\t\t\t\t\t\t\t\t\t<a class=\"elementor-button elementor-button-link elementor-size-sm\" href=\"https:\/\/www.svakodobro.ba\/urinal-express-ph\/\" target=\"_blank\">\n\t\t\t\t\t\t<span class=\"elementor-button-content-wrapper\">\n\t\t\t\t\t\t\t\t\t<span class=\"elementor-button-text\">Kupi<\/span>\n\t\t\t\t\t<\/span>\n\t\t\t\t\t<\/a>\n\t\t\t\t\t\t\t\t<\/div>\n\t\t\t\t<\/div>\n\t\t\t\t\t<\/div>\n\t\t\t\t<\/div>\n\t\t<div class=\"elementor-element elementor-element-0c898e8 e-flex e-con-boxed e-con e-parent\" data-id=\"0c898e8\" data-element_type=\"container\" data-e-type=\"container\" data-settings=\"{&quot;background_background&quot;:&quot;classic&quot;}\">\n\t\t\t\t\t<div class=\"e-con-inner\">\n\t\t<div class=\"elementor-element elementor-element-42221ea e-con-full e-flex e-con e-child\" data-id=\"42221ea\" data-element_type=\"container\" data-e-type=\"container\" data-settings=\"{&quot;background_background&quot;:&quot;classic&quot;}\">\n\t\t\t\t<div class=\"elementor-element elementor-element-2f5c353 elementor-widget elementor-widget-text-editor\" data-id=\"2f5c353\" data-element_type=\"widget\" data-e-type=\"widget\" data-widget_type=\"text-editor.default\">\n\t\t\t\t\t\t\t\t\t<p><strong>Za\u0161to je Urinal Express pH jedinstven? Saznajte koje su njegove prednosti!<\/strong><\/p>\t\t\t\t\t\t\t\t<\/div>\n\t\t\t\t<div class=\"elementor-element elementor-element-432a282 elementor-widget elementor-widget-text-editor\" data-id=\"432a282\" data-element_type=\"widget\" data-e-type=\"widget\" data-widget_type=\"text-editor.default\">\n\t\t\t\t\t\t\t\t\t<p><strong>Aktivni sastojci<\/strong><\/p>\t\t\t\t\t\t\t\t<\/div>\n\t\t\t\t<div class=\"elementor-element elementor-element-f8d5224 elementor-widget elementor-widget-text-editor\" data-id=\"f8d5224\" data-element_type=\"widget\" data-e-type=\"widget\" data-widget_type=\"text-editor.default\">\n\t\t\t\t\t\t\t\t\t<p>Sadr\u017ei suhi prah soka od <strong>brusnice<\/strong> (Vaccinium macrocarpon) koji prirodno sadr\u017ei bioflavonoide, fenolne spojeve i druge supstance.<br \/><strong>Ekstrakt breze<\/strong> (Betula pendula) podr\u017eava zdravlje donjeg urinarnog trakta, dok <strong>natrijev citrat<\/strong> i <strong>kalijev citrat<\/strong> poma\u017eu u brzoj neutralizaciji kiselog pH urina. Kiseli pH urina uzrokuje neugodne simptome poput \u017earenja i peckanja.<\/p>\t\t\t\t\t\t\t\t<\/div>\n\t\t\t\t<\/div>\n\t\t<div class=\"elementor-element elementor-element-e4eb502 e-con-full e-flex e-con e-child\" data-id=\"e4eb502\" data-element_type=\"container\" data-e-type=\"container\" data-settings=\"{&quot;background_background&quot;:&quot;classic&quot;}\">\n\t\t\t\t<div class=\"elementor-element elementor-element-ff04e3f elementor-position-inline-start elementor-view-default elementor-mobile-position-block-start elementor-widget elementor-widget-icon-box\" data-id=\"ff04e3f\" data-element_type=\"widget\" data-e-type=\"widget\" data-widget_type=\"icon-box.default\">\n\t\t\t\t\t\t\t<div class=\"elementor-icon-box-wrapper\">\n\n\t\t\t\t\t\t<div class=\"elementor-icon-box-icon\">\n\t\t\t\t<span  class=\"elementor-icon\">\n\t\t\t\t<svg xmlns=\"http:\/\/www.w3.org\/2000\/svg\" viewBox=\"0 0 64.88 71.81\"><path d=\"M64.88,35.77A31.85,31.85,0,0,0,42.24,5.41,1.89,1.89,0,1,0,41.17,9,27.88,27.88,0,0,1,40,62.8c-.19-1.33-.38-2.6-.53-3.68-.21-1.45-1.45-2.2-2.25-1.38l-6,6.11a2.36,2.36,0,0,0,.45,3.35l7.53,4.44c1,.6,2-.48,1.8-2-.13-.94-.29-2-.45-3.13A31.7,31.7,0,0,0,64.88,35.77Z\" fill=\"#ed1c24\"><\/path><path d=\"M32.69,4.61,25.16.17c-1-.6-2,.48-1.81,2,.15,1,.32,2.24.51,3.49a31.65,31.65,0,0,0-1.23,61,2,2,0,0,0,.54.08A1.89,1.89,0,0,0,25,65.19,2,2,0,0,0,23.56,63,27.88,27.88,0,0,1,24.4,9.38c.17,1.19.33,2.33.48,3.31.2,1.45,1.44,2.2,2.25,1.38l6-6.11A2.38,2.38,0,0,0,32.69,4.61Z\" fill=\"#ed1c24\"><\/path><path d=\"M30.89,49.5V30c-1.61,1.16-3.31,1.43-5.64,1.84l-.89-5.3c3.64-.71,6.24-2.09,7.76-4.21h4.67V49.5Z\" fill=\"#ed1c24\"><\/path><\/svg>\t\t\t\t<\/span>\n\t\t\t<\/div>\n\t\t\t\n\t\t\t\t\t\t<div class=\"elementor-icon-box-content\">\n\n\t\t\t\t\t\t\t\t\t<h3 class=\"elementor-icon-box-title\">\n\t\t\t\t\t\t<span  >\n\t\t\t\t\t\t\tBrzo i sigurno olak\u0161anje prvih simptoma\t\t\t\t\t\t<\/span>\n\t\t\t\t\t<\/h3>\n\t\t\t\t\n\t\t\t\t\t\t\t\t\t<p class=\"elementor-icon-box-description\">\n\t\t\t\t\t\tSadr\u017ei suhi prah soka od brusnice (Vaccinium macrocarpon) koji prirodno sadr\u017ei bioflavonoide, fenolne spojeve i druge supstance, uz zagarantovanih 18 mg PAC-a u dnevnoj dozi.\t\t\t\t\t<\/p>\n\t\t\t\t\n\t\t\t<\/div>\n\t\t\t\n\t\t<\/div>\n\t\t\t\t\t\t<\/div>\n\t\t\t\t<div class=\"elementor-element elementor-element-806e0f0 elementor-position-inline-start elementor-view-default elementor-mobile-position-block-start elementor-widget elementor-widget-icon-box\" data-id=\"806e0f0\" data-element_type=\"widget\" data-e-type=\"widget\" data-widget_type=\"icon-box.default\">\n\t\t\t\t\t\t\t<div class=\"elementor-icon-box-wrapper\">\n\n\t\t\t\t\t\t<div class=\"elementor-icon-box-icon\">\n\t\t\t\t<span  class=\"elementor-icon\">\n\t\t\t\t<svg xmlns=\"http:\/\/www.w3.org\/2000\/svg\" viewBox=\"0 0 60.78 60.78\"><circle cx=\"30.39\" cy=\"30.39\" r=\"30.39\" fill=\"#ed1c24\"><\/circle><path d=\"M41.68,13.64H19a1.37,1.37,0,0,0-1.22,1.49l3.08,30.79a1.35,1.35,0,0,0,1.36,1.22H38.6A1.35,1.35,0,0,0,40,45.92l2.15-21.56a1.58,1.58,0,0,0,0-.37l.9-9A1.35,1.35,0,0,0,41.68,13.64ZM37.37,44.42h-14L21.3,23.31a12.27,12.27,0,0,1,3.61-.6,7.1,7.1,0,0,1,4.62,1.55,9.72,9.72,0,0,0,6.09,2.16h.22A15.34,15.34,0,0,0,39.21,26ZM39.5,23.08a12.16,12.16,0,0,1-3.66.62,7,7,0,0,1-4.59-1.55A9.7,9.7,0,0,0,24.94,20a14.54,14.54,0,0,0-3.91.58l-.42-4.21H40.17Z\" fill=\"#fff\"><\/path><path d=\"M25.6,25.52a1.7,1.7,0,1,0,1.7,1.7A1.7,1.7,0,0,0,25.6,25.52Z\" fill=\"#fff\"><\/path><path d=\"M34.28,29.61A1.69,1.69,0,1,0,36,31.3,1.69,1.69,0,0,0,34.28,29.61Z\" fill=\"#fff\"><\/path><path d=\"M28.6,36.44a1.69,1.69,0,1,0,1.7,1.69A1.69,1.69,0,0,0,28.6,36.44Z\" fill=\"#fff\"><\/path><\/svg>\t\t\t\t<\/span>\n\t\t\t<\/div>\n\t\t\t\n\t\t\t\t\t\t<div class=\"elementor-icon-box-content\">\n\n\t\t\t\t\t\t\t\t\t<h3 class=\"elementor-icon-box-title\">\n\t\t\t\t\t\t<span  >\n\t\t\t\t\t\t\tU formi kesice\t\t\t\t\t\t<\/span>\n\t\t\t\t\t<\/h3>\n\t\t\t\t\n\t\t\t\t\t\t\t\t\t<p class=\"elementor-icon-box-description\">\n\t\t\t\t\t\tNeutralizacijom kiselog pH urina ubla\u017eava se bol i osje\u0107aj \u017earenja i peckanja - naj\u010de\u0161\u0107i simptomi urinarne infekcije.\t\t\t\t\t<\/p>\n\t\t\t\t\n\t\t\t<\/div>\n\t\t\t\n\t\t<\/div>\n\t\t\t\t\t\t<\/div>\n\t\t\t\t<div class=\"elementor-element elementor-element-e7db360 elementor-position-inline-start elementor-view-default elementor-mobile-position-block-start elementor-widget elementor-widget-icon-box\" data-id=\"e7db360\" data-element_type=\"widget\" data-e-type=\"widget\" data-widget_type=\"icon-box.default\">\n\t\t\t\t\t\t\t<div class=\"elementor-icon-box-wrapper\">\n\n\t\t\t\t\t\t<div class=\"elementor-icon-box-icon\">\n\t\t\t\t<span  class=\"elementor-icon\">\n\t\t\t\t<svg xmlns=\"http:\/\/www.w3.org\/2000\/svg\" viewBox=\"0 0 60.78 60.78\"><circle cx=\"30.39\" cy=\"30.39\" r=\"30.39\" fill=\"#ed1c24\"><\/circle><path d=\"M26.66,42.1a1.81,1.81,0,0,1-1.35-.6l-8.63-9.71a1.8,1.8,0,0,1,.15-2.54,1.83,1.83,0,0,1,1.2-.46,1.78,1.78,0,0,1,1.34.61l7.26,8.16L41.21,20.4a1.81,1.81,0,0,1,1.38-.64,1.83,1.83,0,0,1,1.16.43A1.81,1.81,0,0,1,44,22.73L28,41.47a1.84,1.84,0,0,1-1.35.63h0Z\" fill=\"#fff\"><\/path><path d=\"M26.66,41.8a1.49,1.49,0,0,1-1.12-.5l-8.63-9.71a1.5,1.5,0,1,1,2.24-2L26.63,38,41.44,20.59a1.5,1.5,0,1,1,2.29,1.95L27.8,41.27a1.52,1.52,0,0,1-1.13.53Z\" fill=\"#fff\"><\/path><\/svg>\t\t\t\t<\/span>\n\t\t\t<\/div>\n\t\t\t\n\t\t\t\t\t\t<div class=\"elementor-icon-box-content\">\n\n\t\t\t\t\t\t\t\t\t<h3 class=\"elementor-icon-box-title\">\n\t\t\t\t\t\t<span  >\n\t\t\t\t\t\t\tOsvjezavaju\u0107eg ukusa\t\t\t\t\t\t<\/span>\n\t\t\t\t\t<\/h3>\n\t\t\t\t\n\t\t\t\t\n\t\t\t<\/div>\n\t\t\t\n\t\t<\/div>\n\t\t\t\t\t\t<\/div>\n\t\t\t\t<\/div>\n\t\t\t\t\t<\/div>\n\t\t\t\t<\/div>\n\t\t<div class=\"elementor-element elementor-element-22f7985 e-flex e-con-boxed e-con e-parent\" data-id=\"22f7985\" data-element_type=\"container\" data-e-type=\"container\" data-settings=\"{&quot;background_background&quot;:&quot;classic&quot;}\">\n\t\t\t\t\t<div class=\"e-con-inner\">\n\t\t<div class=\"elementor-element elementor-element-0b24719 e-con-full e-flex e-con e-child\" data-id=\"0b24719\" data-element_type=\"container\" data-e-type=\"container\" data-settings=\"{&quot;background_background&quot;:&quot;classic&quot;}\">\n\t\t\t\t<div class=\"elementor-element elementor-element-f0f026b elementor-position-left elementor-vertical-align-top elementor-widget elementor-widget-image-box\" data-id=\"f0f026b\" data-element_type=\"widget\" data-e-type=\"widget\" data-widget_type=\"image-box.default\">\n\t\t\t\t\t<div class=\"elementor-image-box-wrapper\"><figure class=\"elementor-image-box-img\"><img decoding=\"async\" width=\"143\" height=\"74\" src=\"https:\/\/urinal.aquariushost.net\/wp-content\/uploads\/2026\/03\/dosage.png\" class=\"attachment-full size-full wp-image-326\" alt=\"\" \/><\/figure><div class=\"elementor-image-box-content\"><h3 class=\"elementor-image-box-title\">Kako se koristi?<\/h3><p class=\"elementor-image-box-description\">Odrasli i djeca iznad 12 godina: sadr\u017eaj jedne kesice rastvoriti u 200 ml vode, toplog ili hladnog napitka, 3 puta dnevno tokom 2 dana. Namijenjen za kratkotrajnu primjenu. Mo\u017ee se koristiti istovremeno sa Urinal Akut tabletama. Proizvod nije namijenjen trudnicama i djeci mla\u0111oj od 12 godina.<\/p><\/div><\/div>\t\t\t\t<\/div>\n\t\t\t\t<\/div>\n\t\t\t\t\t<\/div>\n\t\t\t\t<\/div>\n\t\t<div class=\"elementor-element elementor-element-a75e380 e-flex e-con-boxed e-con e-parent\" data-id=\"a75e380\" data-element_type=\"container\" data-e-type=\"container\" data-settings=\"{&quot;background_background&quot;:&quot;classic&quot;}\">\n\t\t\t\t\t<div class=\"e-con-inner\">\n\t\t\t\t<div class=\"elementor-element elementor-element-264a679 elementor-widget elementor-widget-html\" data-id=\"264a679\" data-element_type=\"widget\" data-e-type=\"widget\" data-widget_type=\"html.default\">\n\t\t\t\t\t<style>\n.custom-table {\n  width: 70%;\n  border-collapse: separate;\n  border-spacing: 0;\n  border-radius: 10px;\n  overflow: hidden;\n  font-family: Arial, sans-serif;\n  margin: 20px auto;\n}\n\n\/* osnovne \u0107elije *\/\n.custom-table th,\n.custom-table td {\n  padding: 8px 10px;\n  font-size: 14px;\n}\n\n\/* header *\/\n.custom-table thead th {\n  background: #ffd155;\n  color: #000;\n  text-align: center;\n  border-right: 2px solid white;\n  border-bottom: 2px solid white;\n}\n\n\/* prva kolona *\/\n.custom-table td:first-child {\n  background: #ffd155;\n  font-weight: bold;\n  text-align: left;\n  border-right: 2px solid white;\n  border-bottom: 2px solid white;\n  width: 40%;\n}\n\n\/* ostale kolone *\/\n.custom-table td:not(:first-child),\n.custom-table th:not(:first-child) {\n  width: 30%;\n  text-align: center;\n}\n\n\/* bijele \u0107elije *\/\n.custom-table td:not(:first-child) {\n  background: white;\n  border-right: 2px solid #ffd155;\n  border-bottom: 2px solid #ffd155;\n}\n\n\/* ukloni linije *\/\n.custom-table tr td:last-child,\n.custom-table tr th:last-child {\n  border-right: none;\n}\n\n.custom-table tbody tr:last-child td {\n  border-bottom: none;\n}\n<\/style>\n\n<table class=\"custom-table\">\n<thead>\n<tr>\n<th>Aktivni sastojak<\/th>\n<th>1 kesica<\/th>\n<th>3 kesice<\/th>\n<\/tr>\n<\/thead>\n<tbody>\n<tr>\n<td>Kalijum-citrat<\/td>\n<td>1109,20 mg<\/td>\n<td>3327,6 mg<\/td>\n<\/tr>\n<tr>\n<td>Natrijum-citrat<\/td>\n<td>934,18 mg<\/td>\n<td>2802,54 mg<\/td>\n<\/tr>\n<tr>\n<td>Brusnica (Vaccinium macrocarpon), stand. 1% PAC<\/td>\n<td>620 mg<\/td>\n<td>1860 mg<\/td>\n<\/tr>\n<tr>\n<td>Suhi vodeni ekstrakt lista breze (Betula pendula, 10:1)<\/td>\n<td>25 mg<\/td>\n<td>75 mg<\/td>\n<\/tr>\n<\/tbody>\n<\/table>\t\t\t\t<\/div>\n\t\t\t\t\t<\/div>\n\t\t\t\t<\/div>\n\t\t\t\t<\/div>\n\t\t","protected":false},"excerpt":{"rendered":"<p>Urinal express pH Dodatak ishrani Brza pomo\u0107 kod bolnih urinarnih infekcija! Urinal Express pH donosi brzo olak\u0161anje simptoma urinarne infekcije i neutrali\u0161e kiseli pH urina koji je odgovoran za nastanak bola i osje\u0107anja peckanja i \u017earenja. Kupi Za\u0161to je Urinal Express pH jedinstven? Saznajte koje su njegove prednosti! Aktivni sastojci Sadr\u017ei suhi prah soka od [&hellip;]<\/p>\n","protected":false},"author":1,"featured_media":0,"parent":0,"menu_order":0,"comment_status":"closed","ping_status":"closed","template":"","meta":{"footnotes":""},"class_list":["post-312","page","type-page","status-publish","hentry"],"_links":{"self":[{"href":"https:\/\/urinal.aquariushost.net\/index.php\/wp-json\/wp\/v2\/pages\/312","targetHints":{"allow":["GET"]}}],"collection":[{"href":"https:\/\/urinal.aquariushost.net\/index.php\/wp-json\/wp\/v2\/pages"}],"about":[{"href":"https:\/\/urinal.aquariushost.net\/index.php\/wp-json\/wp\/v2\/types\/page"}],"author":[{"embeddable":true,"href":"https:\/\/urinal.aquariushost.net\/index.php\/wp-json\/wp\/v2\/users\/1"}],"replies":[{"embeddable":true,"href":"https:\/\/urinal.aquariushost.net\/index.php\/wp-json\/wp\/v2\/comments?post=312"}],"version-history":[{"count":22,"href":"https:\/\/urinal.aquariushost.net\/index.php\/wp-json\/wp\/v2\/pages\/312\/revisions"}],"predecessor-version":[{"id":480,"href":"https:\/\/urinal.aquariushost.net\/index.php\/wp-json\/wp\/v2\/pages\/312\/revisions\/480"}],"wp:attachment":[{"href":"https:\/\/urinal.aquariushost.net\/index.php\/wp-json\/wp\/v2\/media?parent=312"}],"curies":[{"name":"wp","href":"https:\/\/api.w.org\/{rel}","templated":true}]}}