{"id":336,"date":"2026-03-06T11:07:19","date_gmt":"2026-03-06T11:07:19","guid":{"rendered":"https:\/\/urinal.aquariushost.net\/?page_id=336"},"modified":"2026-04-03T09:24:58","modified_gmt":"2026-04-03T09:24:58","slug":"urinal-akut","status":"publish","type":"page","link":"https:\/\/urinal.aquariushost.net\/index.php\/urinal-akut\/","title":{"rendered":"Urinal Akut"},"content":{"rendered":"\t\t<div data-elementor-type=\"wp-page\" data-elementor-id=\"336\" class=\"elementor elementor-336\" data-elementor-post-type=\"page\">\n\t\t\t\t<div class=\"elementor-element elementor-element-33f198c e-flex e-con-boxed e-con e-parent\" data-id=\"33f198c\" data-element_type=\"container\" data-e-type=\"container\" data-settings=\"{&quot;background_background&quot;:&quot;classic&quot;}\">\n\t\t\t\t\t<div class=\"e-con-inner\">\n\t\t<div class=\"elementor-element elementor-element-7a6dd55 e-con-full e-flex e-con e-child\" data-id=\"7a6dd55\" data-element_type=\"container\" data-e-type=\"container\" data-settings=\"{&quot;background_background&quot;:&quot;classic&quot;}\">\n\t\t\t\t<div class=\"elementor-element elementor-element-eb493fc elementor-widget__width-initial elementor-widget elementor-widget-image\" data-id=\"eb493fc\" data-element_type=\"widget\" data-e-type=\"widget\" data-widget_type=\"image.default\">\n\t\t\t\t\t\t\t\t\t\t\t\t\t\t\t<img fetchpriority=\"high\" decoding=\"async\" width=\"665\" height=\"448\" src=\"https:\/\/urinal.aquariushost.net\/wp-content\/uploads\/2026\/02\/1-urinal-akut-manji.png\" class=\"attachment-large size-large wp-image-37\" alt=\"\" srcset=\"https:\/\/urinal.aquariushost.net\/wp-content\/uploads\/2026\/02\/1-urinal-akut-manji.png 665w, https:\/\/urinal.aquariushost.net\/wp-content\/uploads\/2026\/02\/1-urinal-akut-manji-300x202.png 300w\" sizes=\"(max-width: 665px) 100vw, 665px\" \/>\t\t\t\t\t\t\t\t\t\t\t\t\t\t\t<\/div>\n\t\t\t\t<\/div>\n\t\t<div class=\"elementor-element elementor-element-da8dca9 e-con-full e-flex e-con e-child\" data-id=\"da8dca9\" data-element_type=\"container\" data-e-type=\"container\" data-settings=\"{&quot;background_background&quot;:&quot;classic&quot;}\">\n\t\t\t\t<div class=\"elementor-element elementor-element-82964ef elementor-widget elementor-widget-heading\" data-id=\"82964ef\" data-element_type=\"widget\" data-e-type=\"widget\" data-widget_type=\"heading.default\">\n\t\t\t\t\t<h2 class=\"elementor-heading-title elementor-size-default\">Urinal Akut<\/h2>\t\t\t\t<\/div>\n\t\t\t\t<div class=\"elementor-element elementor-element-159c1d6 elementor-widget elementor-widget-text-editor\" data-id=\"159c1d6\" data-element_type=\"widget\" data-e-type=\"widget\" data-widget_type=\"text-editor.default\">\n\t\t\t\t\t\t\t\t\t<p><strong>Dodatak ishrani<\/strong><\/p>\t\t\t\t\t\t\t\t<\/div>\n\t\t\t\t<div class=\"elementor-element elementor-element-e81dde5 elementor-widget elementor-widget-text-editor\" data-id=\"e81dde5\" data-element_type=\"widget\" data-e-type=\"widget\" data-widget_type=\"text-editor.default\">\n\t\t\t\t\t\t\t\t\t<p><strong>Sna\u017ena podr\u0161ka od pojave simptoma urinarne infekcije!<\/strong><\/p>\t\t\t\t\t\t\t\t<\/div>\n\t\t\t\t<div class=\"elementor-element elementor-element-d71022e elementor-widget elementor-widget-text-editor\" data-id=\"d71022e\" data-element_type=\"widget\" data-e-type=\"widget\" data-widget_type=\"text-editor.default\">\n\t\t\t\t\t\t\t\t\t<p>Mu\u010di vas peckanje i u\u010destala potreba za mokrenjem? Urinal\u00ae Akut pru\u017ea brzo i efikasno olak\u0161anje tegoba urinarnog trakta. Zahvaljuju\u0107i kombinaciji brusnice, ekstrakta zlatnice i vitamina D, poma\u017ee u ubla\u017eavanju simptoma urinarne infekcije i ispiranju bakterija iz mokra\u0107nog mjehura. Prakti\u010dna primjena \u2013 samo 1 tableta dnevno.<\/p>\t\t\t\t\t\t\t\t<\/div>\n\t\t\t\t<div class=\"elementor-element elementor-element-9a7edf5 elementor-widget elementor-widget-button\" data-id=\"9a7edf5\" data-element_type=\"widget\" data-e-type=\"widget\" data-widget_type=\"button.default\">\n\t\t\t\t\t\t\t\t\t\t<a class=\"elementor-button elementor-button-link elementor-size-sm\" href=\"https:\/\/www.svakodobro.ba\/urinal-akut\/\" target=\"_blank\">\n\t\t\t\t\t\t<span class=\"elementor-button-content-wrapper\">\n\t\t\t\t\t\t\t\t\t<span class=\"elementor-button-text\">Kupi<\/span>\n\t\t\t\t\t<\/span>\n\t\t\t\t\t<\/a>\n\t\t\t\t\t\t\t\t<\/div>\n\t\t\t\t<\/div>\n\t\t\t\t\t<\/div>\n\t\t\t\t<\/div>\n\t\t<div class=\"elementor-element elementor-element-0c898e8 e-flex e-con-boxed e-con e-parent\" data-id=\"0c898e8\" data-element_type=\"container\" data-e-type=\"container\" data-settings=\"{&quot;background_background&quot;:&quot;classic&quot;}\">\n\t\t\t\t\t<div class=\"e-con-inner\">\n\t\t<div class=\"elementor-element elementor-element-42221ea e-con-full e-flex e-con e-child\" data-id=\"42221ea\" data-element_type=\"container\" data-e-type=\"container\" data-settings=\"{&quot;background_background&quot;:&quot;classic&quot;}\">\n\t\t\t\t<div class=\"elementor-element elementor-element-2f5c353 elementor-widget elementor-widget-text-editor\" data-id=\"2f5c353\" data-element_type=\"widget\" data-e-type=\"widget\" data-widget_type=\"text-editor.default\">\n\t\t\t\t\t\t\t\t\t<p><strong>Otkrijte prednosti Urinal Akuta!<\/strong><\/p>\t\t\t\t\t\t\t\t<\/div>\n\t\t\t\t<div class=\"elementor-element elementor-element-432a282 elementor-widget elementor-widget-text-editor\" data-id=\"432a282\" data-element_type=\"widget\" data-e-type=\"widget\" data-widget_type=\"text-editor.default\">\n\t\t\t\t\t\t\t\t\t<p><strong>Aktivni sastojci<\/strong><\/p>\t\t\t\t\t\t\t\t<\/div>\n\t\t\t\t<div class=\"elementor-element elementor-element-f8d5224 elementor-widget elementor-widget-text-editor\" data-id=\"f8d5224\" data-element_type=\"widget\" data-e-type=\"widget\" data-widget_type=\"text-editor.default\">\n\t\t\t\t\t\t\t\t\t<p>Urinal Akut predstavlja kombinaciju visokokoncentrovanog ekstrakta brusnice (Vaccinium macrocarpon), ekstrakta zlatnice (Solidago virgaurea) i vitamina D.<\/p><p>Visokokvalitetni ekstrakt brusnice osigurava 36 mg proantocijanidina (PAC), dok je sama brusnica prirodno bogata bioflavonoidima, fenolnim spojevima i drugim vrijednim supstancama.<\/p><p>Ekstrakt zlatnice poma\u017ee u odr\u017eavanju pravilne funkcije mokra\u0107nog mjehura i donjeg urinarnog trakta te doprinosi ispiranju bakterija.<\/p><p>Vitamin D je va\u017ean za ja\u010danje imuniteta.<\/p>\t\t\t\t\t\t\t\t<\/div>\n\t\t\t\t<\/div>\n\t\t<div class=\"elementor-element elementor-element-e4eb502 e-con-full e-flex e-con e-child\" data-id=\"e4eb502\" data-element_type=\"container\" data-e-type=\"container\" data-settings=\"{&quot;background_background&quot;:&quot;classic&quot;}\">\n\t\t\t\t<div class=\"elementor-element elementor-element-ff04e3f elementor-position-inline-start elementor-view-default elementor-mobile-position-block-start elementor-widget elementor-widget-icon-box\" data-id=\"ff04e3f\" data-element_type=\"widget\" data-e-type=\"widget\" data-widget_type=\"icon-box.default\">\n\t\t\t\t\t\t\t<div class=\"elementor-icon-box-wrapper\">\n\n\t\t\t\t\t\t<div class=\"elementor-icon-box-icon\">\n\t\t\t\t<span  class=\"elementor-icon\">\n\t\t\t\t<svg xmlns=\"http:\/\/www.w3.org\/2000\/svg\" viewBox=\"0 0 60.78 60.78\"><circle cx=\"30.39\" cy=\"30.39\" r=\"30.39\" fill=\"#ed1c24\"><\/circle><path d=\"M40.63,27.37,29.55,19.76A7.6,7.6,0,1,0,21,32.29L32,39.9a7.56,7.56,0,0,0,4.29,1.34,7.45,7.45,0,0,0,1.4-.13,7.6,7.6,0,0,0,2.91-13.74ZM29,34.39,22.53,30a4.8,4.8,0,0,1,2.72-8.76,4.73,4.73,0,0,1,2.71.84l5.85,4Z\" fill=\"#fff\"><\/path><path d=\"M8.81,17.5l2.45,3,1.07-.88L8.91,15.45l-.84.7A4.25,4.25,0,0,1,7,18.34l.83.67A5.42,5.42,0,0,0,8.81,17.5Z\" fill=\"#fff\"><\/path><path d=\"M12.13,13.1l.53.87.59-.37,1.43,2.34c.6,1,1.31,1.18,2.19.64a2,2,0,0,0,.62-.55l-.59-1a1.09,1.09,0,0,1-.29.27.54.54,0,0,1-.83-.18l-1.4-2.26.86-.52-.53-.87-.86.53L13,10.69l-.94,1,.63,1Z\" fill=\"#fff\"><\/path><path d=\"M18.14,10.75c.56-.25,1-.22,1.23.29l.12.25c-1.45.75-2.72,1.64-2.12,3,.45,1,1.45,1.25,2.92.59A5,5,0,0,0,22,13.67l-1.36-3C20,9.4,19.12,9.22,17.87,9.79A5.63,5.63,0,0,0,16.21,11l.69.7A4.29,4.29,0,0,1,18.14,10.75Zm2.37,2.82a2.28,2.28,0,0,1-.65.42c-.65.29-1.13.19-1.34-.27-.33-.74.43-1.18,1.32-1.64Z\" fill=\"#fff\"><\/path><path d=\"M24.8,13.3c1.67-.38,2.47-1.52,2-3.48a2.32,2.32,0,0,0-2.86-2,2.59,2.59,0,0,0-.89.39l-.57-2.5L21.18,6l1.68,7.35A4.58,4.58,0,0,0,24.8,13.3Zm-.87-4.44c.75-.17,1.35.34,1.58,1.37s-.11,1.84-.87,2a1.55,1.55,0,0,1-.63,0L23.3,9.15A1.84,1.84,0,0,1,23.93,8.86Z\" fill=\"#fff\"><\/path><rect x=\"28.03\" y=\"4.76\" width=\"1.35\" height=\"7.82\" transform=\"translate(-0.39 1.4) rotate(-2.77)\" fill=\"#fff\"><\/rect><path d=\"M33,12.94a4.8,4.8,0,0,0,2-.1l-.23-1.06a3.47,3.47,0,0,1-1.53.11A1.35,1.35,0,0,1,32,10.51l3.49.05a2.56,2.56,0,0,0,.09-.45,2.2,2.2,0,0,0-1.93-2.76,2.49,2.49,0,0,0-2.87,2.41A2.55,2.55,0,0,0,33,12.94Zm.44-4.62c.62.1.95.56.83,1.36L32,9.65C32.19,8.66,32.76,8.22,33.46,8.32Z\" fill=\"#fff\"><\/path><path d=\"M37.38,14.12a2,2,0,0,0,.81.15l.4-1.06a1,1,0,0,1-.4-.06.54.54,0,0,1-.37-.76l.93-2.49.94.36.35-1L39.1,9l.55-1.48-1.38-.1-.42,1.12-.64-.24-.36.95.65.24-1,2.57C36.15,13.06,36.41,13.76,37.38,14.12Z\" fill=\"#fff\"><\/path><polygon points=\"38.43 16.72 46.22 10.16 45.32 9.18 37.53 15.75 38.43 16.72\" fill=\"#fff\"><\/polygon><path d=\"M43.73,14.46A2.47,2.47,0,0,0,44,18.3a4.53,4.53,0,0,0,1.76.95l4.82-5.82-1.05-.86L48,14.5a2.86,2.86,0,0,0-.52-.58C46.16,12.88,44.78,13.18,43.73,14.46Zm3.15.34a1.84,1.84,0,0,1,.42.48l-2.07,2.5a1.94,1.94,0,0,1-.55-.32c-.64-.53-.59-1.32.1-2.16S46.23,14.26,46.88,14.8Z\" fill=\"#fff\"><\/path><path d=\"M49.73,17.7a4.31,4.31,0,0,1,1.22.94c.4.47.49.9.06,1.27l-.21.18c-1.12-1.18-2.33-2.16-3.45-1.21-.83.71-.8,1.74.25,3a5,5,0,0,0,1.6,1.29L51.73,21c1.05-.89,1-1.83.07-2.88a5.51,5.51,0,0,0-1.59-1.26Zm-.84,4a2.68,2.68,0,0,1-.58-.51c-.46-.54-.5-1-.11-1.36.62-.53,1.25.08,1.94.81Z\" fill=\"#fff\"><\/path><path d=\"M47.2,25l.42,1.36,8,.47-.45-1.46-3.53,0a6.53,6.53,0,0,0-.86.07h0a6.23,6.23,0,0,0,.75-.42l2.93-2L54,21.59l-4.53,3.52Z\" fill=\"#fff\"><\/path><path d=\"M52,37.46a1.36,1.36,0,0,0-1.71.85A19.87,19.87,0,0,1,12,36.16l2.63-.29c1-.12,1.61-1,1-1.57l-4.21-4.43a1.69,1.69,0,0,0-2.4.24L5.69,35.37C5.24,36.08,6,36.82,7,36.7l2.23-.25a22.57,22.57,0,0,0,43.54,2.72A1.35,1.35,0,0,0,52,37.46Z\" fill=\"#fff\"><\/path><\/svg>\t\t\t\t<\/span>\n\t\t\t<\/div>\n\t\t\t\n\t\t\t\t\t\t<div class=\"elementor-icon-box-content\">\n\n\t\t\t\t\t\t\t\t\t<h3 class=\"elementor-icon-box-title\">\n\t\t\t\t\t\t<span  >\n\t\t\t\t\t\t\tSamo jedna tableta dnevno poma\u017ee u ubla\u017eavanju simptoma urinarne infekcije\t\t\t\t\t\t<\/span>\n\t\t\t\t\t<\/h3>\n\t\t\t\t\n\t\t\t\t\n\t\t\t<\/div>\n\t\t\t\n\t\t<\/div>\n\t\t\t\t\t\t<\/div>\n\t\t\t\t<div class=\"elementor-element elementor-element-806e0f0 elementor-position-inline-start elementor-view-default elementor-mobile-position-block-start elementor-widget elementor-widget-icon-box\" data-id=\"806e0f0\" data-element_type=\"widget\" data-e-type=\"widget\" data-widget_type=\"icon-box.default\">\n\t\t\t\t\t\t\t<div class=\"elementor-icon-box-wrapper\">\n\n\t\t\t\t\t\t<div class=\"elementor-icon-box-icon\">\n\t\t\t\t<span  class=\"elementor-icon\">\n\t\t\t\t<svg xmlns=\"http:\/\/www.w3.org\/2000\/svg\" viewBox=\"0 0 60.78 60.78\"><circle cx=\"30.39\" cy=\"30.39\" r=\"30.39\" fill=\"#ed1c24\"><\/circle><path d=\"M49.15,18.42c0-.05,1.52-5,.48-6l-.31-.32L48.89,12c-12.31-2-18,3.27-19.84,5.52a10.23,10.23,0,0,0-4.49-.7,20,20,0,0,0-3.25.71C17.92,18.86,14.69,22,14.72,28h0a10.69,10.69,0,1,0,16.21,3.51,8.05,8.05,0,0,1,8.27-1.38,7.35,7.35,0,0,1-2.27,14.35,7.28,7.28,0,0,1-3.48-.89,1.24,1.24,0,0,0-1.61.34,1.28,1.28,0,0,0,.39,1.89,9.8,9.8,0,0,0,4.7,1.2,9.91,9.91,0,0,0,9.67-12,9.92,9.92,0,0,0-4.33-6.22,12.07,12.07,0,0,0-1.11-.62A16.55,16.55,0,0,0,49.15,18.42ZM21.41,44.53a8.15,8.15,0,1,1,8.16-8.15A8.16,8.16,0,0,1,21.41,44.53ZM35.5,27.2a8.84,8.84,0,0,0-5.94,2.28,10.65,10.65,0,0,0-12.27-3,8.09,8.09,0,0,1,7-7.15,7.8,7.8,0,0,1,8.38,5.16,1.27,1.27,0,0,0,1.52.79h0A1.29,1.29,0,0,0,35,23.64a10.24,10.24,0,0,0-2-3.32,13.27,13.27,0,0,0-1.58-1.45c1.63-1.84,6.21-5.61,15.8-4.37C46.91,17.42,45,25.45,35.5,27.2Z\" fill=\"#fff\"><\/path><path d=\"M24.38,30.77a.77.77,0,0,0-.73-.38,7.87,7.87,0,0,0-3.21,1.33,8,8,0,0,0-3.15-1.32.76.76,0,0,0-.65.19.75.75,0,0,0-.23.64,10.41,10.41,0,0,0,1,3.15,11,11,0,0,0-.86,3v.11a.64.64,0,0,0,0,.28.76.76,0,0,0,.75.68h.15A8.18,8.18,0,0,0,20.55,37c1.29.6,2.89,1.25,3,1.28a.76.76,0,0,0,.69-.07.71.71,0,0,0,.34-.6,7.12,7.12,0,0,0-1.1-3.2C24.32,32.76,24.64,31.23,24.38,30.77Zm-2.43,4a10.79,10.79,0,0,1,.77,1.49c-.63-.27-1.36-.59-1.95-.88a.76.76,0,0,0-.73,0,1.07,1.07,0,0,0-.16.14,7.57,7.57,0,0,1-1.68,1,5.8,5.8,0,0,1,.66-1.82h0a.81.81,0,0,0,0-.81,8.55,8.55,0,0,1-.74-1.81,4.29,4.29,0,0,1,1.66,1,1,1,0,0,0,.31.21,1,1,0,0,0,.92-.24,10.47,10.47,0,0,1,1.75-1A8.8,8.8,0,0,1,21.93,34,.77.77,0,0,0,22,34.81Z\" fill=\"#fff\"><\/path><path d=\"M44.11,35.64a7.84,7.84,0,0,0-3.2-1.32,8.08,8.08,0,0,0-1.3-3.17.79.79,0,0,0-.6-.32.76.76,0,0,0-.61.29A10.68,10.68,0,0,0,36.86,34a10.76,10.76,0,0,0-2.72,1.51l-.09.06a.6.6,0,0,0-.21.18.74.74,0,0,0,0,1,.08.08,0,0,0,0,0,.21.21,0,0,0,.08.06,8,8,0,0,0,3.26,1.22c.49,1.34,1.16,2.93,1.19,3a.75.75,0,0,0,1.2.26,7.24,7.24,0,0,0,1.49-3c1.77-.53,3.07-1.38,3.21-1.91A.75.75,0,0,0,44.11,35.64ZM40.34,37a.74.74,0,0,0-.55.57,11.44,11.44,0,0,1-.51,1.6c-.25-.63-.54-1.38-.76-2a.71.71,0,0,0-.75-.5,7.85,7.85,0,0,1-1.92-.47,5.86,5.86,0,0,1,1.75-.81h0a.85.85,0,0,0,.59-.56A8.85,8.85,0,0,1,39,33a4.45,4.45,0,0,1,.49,1.87.75.75,0,0,0,.07.36c.17.34.46.4.82.48a11.37,11.37,0,0,1,1.93.55A9.44,9.44,0,0,1,40.34,37Z\" fill=\"#fff\"><\/path><\/svg>\t\t\t\t<\/span>\n\t\t\t<\/div>\n\t\t\t\n\t\t\t\t\t\t<div class=\"elementor-icon-box-content\">\n\n\t\t\t\t\t\t\t\t\t<h3 class=\"elementor-icon-box-title\">\n\t\t\t\t\t\t<span  >\n\t\t\t\t\t\t\tBrusnica\t\t\t\t\t\t<\/span>\n\t\t\t\t\t<\/h3>\n\t\t\t\t\n\t\t\t\t\n\t\t\t<\/div>\n\t\t\t\n\t\t<\/div>\n\t\t\t\t\t\t<\/div>\n\t\t\t\t<div class=\"elementor-element elementor-element-d4fd13d elementor-position-inline-start elementor-view-default elementor-mobile-position-block-start elementor-widget elementor-widget-icon-box\" data-id=\"d4fd13d\" data-element_type=\"widget\" data-e-type=\"widget\" data-widget_type=\"icon-box.default\">\n\t\t\t\t\t\t\t<div class=\"elementor-icon-box-wrapper\">\n\n\t\t\t\t\t\t<div class=\"elementor-icon-box-icon\">\n\t\t\t\t<span  class=\"elementor-icon\">\n\t\t\t\t<svg xmlns=\"http:\/\/www.w3.org\/2000\/svg\" viewBox=\"0 0 60.78 60.78\"><circle cx=\"30.39\" cy=\"30.39\" r=\"30.39\" fill=\"#ed1c24\"><\/circle><path d=\"M29.9,45a18.62,18.62,0,0,1-7.75-1.52V17.34a18.89,18.89,0,0,1,7.75-1.52c7.86,0,12.46,5.1,12.46,14.57S37.76,45,29.9,45Zm.31-24.5a7.27,7.27,0,0,0-2.57.39V39.93a6.8,6.8,0,0,0,2.57.39c3.89,0,6.66-2.92,6.66-9.93S34.1,20.46,30.21,20.46Z\" fill=\"#fff\"><\/path><\/svg>\t\t\t\t<\/span>\n\t\t\t<\/div>\n\t\t\t\n\t\t\t\t\t\t<div class=\"elementor-icon-box-content\">\n\n\t\t\t\t\t\t\t\t\t<h3 class=\"elementor-icon-box-title\">\n\t\t\t\t\t\t<span  >\n\t\t\t\t\t\t\tVitamin D\t\t\t\t\t\t<\/span>\n\t\t\t\t\t<\/h3>\n\t\t\t\t\n\t\t\t\t\n\t\t\t<\/div>\n\t\t\t\n\t\t<\/div>\n\t\t\t\t\t\t<\/div>\n\t\t\t\t<div class=\"elementor-element elementor-element-080ad72 elementor-position-inline-start elementor-view-default elementor-mobile-position-block-start elementor-widget elementor-widget-icon-box\" data-id=\"080ad72\" data-element_type=\"widget\" data-e-type=\"widget\" data-widget_type=\"icon-box.default\">\n\t\t\t\t\t\t\t<div class=\"elementor-icon-box-wrapper\">\n\n\t\t\t\t\t\t<div class=\"elementor-icon-box-icon\">\n\t\t\t\t<span  class=\"elementor-icon\">\n\t\t\t\t<svg xmlns=\"http:\/\/www.w3.org\/2000\/svg\" viewBox=\"0 0 60.78 60.78\"><circle cx=\"30.39\" cy=\"30.39\" r=\"30.39\" fill=\"#ed1c24\"><\/circle><path d=\"M42.17,46.67a49,49,0,0,1-3.67-3.49l2.13-4.26c1.27-2.54,1.27-2.54,1.31-2.64a3.58,3.58,0,0,0-2.72-4.91,3,3,0,0,0-.6-.05,3.57,3.57,0,0,0-3.54,4.06l.63,4.69a57.48,57.48,0,0,1-3.55-4.71l2.42-3.48c2.11-3,2.11-3,2.26-3.4a3.57,3.57,0,0,0-.06-2.88,3.51,3.51,0,0,0-2.16-1.9,3.47,3.47,0,0,0-1.1-.18A3.59,3.59,0,0,0,30,27.07l-.06,4.57a48.67,48.67,0,0,1-2.21-4.54l2.66-3C33.05,21,33.05,21,33.29,20.43A3.45,3.45,0,0,0,33,17.11a3.69,3.69,0,0,0-3-1.66,3.52,3.52,0,0,0-2.08.7,1.08,1.08,0,0,0-.24,1.51,1.08,1.08,0,0,0,1.5.24,1.44,1.44,0,0,1,.84-.28,1.53,1.53,0,0,1,.59.13A1.43,1.43,0,0,1,31.05,20L28,23.48l.39-3.1a1.08,1.08,0,0,0-.22-.79,1.12,1.12,0,0,0-.85-.42,1.07,1.07,0,0,0-1.07.94L26,22.36c-.13-.45-.27-.89-.39-1.32l.7-8a3.5,3.5,0,0,0-.93-2.73A3.56,3.56,0,0,0,22.7,9.13a4,4,0,0,0-.77.08,3.58,3.58,0,0,0-2.37,5.25c.94,1.7,1.65,2.95,2.19,3.9,1.67,3,1.67,3,1.95,4,.06.22.14.48.24.83L21.09,20.4A3.59,3.59,0,1,0,18,26.51l7.62,1.24c.5,1.2,1.06,2.4,1.66,3.57l-2.41-1.85a3.59,3.59,0,1,0-2.4,6.42l7.7.37c.81,1.24,1.6,2.34,2.5,3.49l-.91-.51c-1.55-.86-1.55-.86-1.74-.94A3.44,3.44,0,0,0,28.63,38a3.58,3.58,0,0,0-2.77,5.85A3,3,0,0,0,28,45.09,1,1,0,0,0,29,44.3,1.08,1.08,0,0,0,28.27,43a1.47,1.47,0,0,1-.92-.75,1.45,1.45,0,0,1,0-1.19,1.43,1.43,0,0,1,2-.69l4.05,2.27-1.92.17a1.07,1.07,0,0,0-.74.38A1.08,1.08,0,0,0,31.63,45l5.08-.51a48.36,48.36,0,0,0,4.12,3.92,1.44,1.44,0,0,0,.67.19,1,1,0,0,0,.79-.4C42.78,47.54,42.23,46.73,42.17,46.67ZM39.91,35.54l-2.08,4.15-.61-4.6A1.37,1.37,0,0,1,37.53,34a1.53,1.53,0,0,1,1.13-.5,1.35,1.35,0,0,1,1.24.78A1.41,1.41,0,0,1,39.91,35.54ZM34.7,27.92l-2.65,3.82.05-4.64A1.42,1.42,0,0,1,32.7,26a1.33,1.33,0,0,1,.82-.28,1.46,1.46,0,0,1,1.29.81A1.33,1.33,0,0,1,34.7,27.92Zm-12.42,3a1.34,1.34,0,0,1,.4-.06,1.43,1.43,0,0,1,.86.3L27.22,34l-4.63-.28a1.37,1.37,0,0,1-1.33-1.25A1.41,1.41,0,0,1,22.28,30.94ZM21.44,12a1.51,1.51,0,0,1,1.27-.75,1.38,1.38,0,0,1,.92.37,1.41,1.41,0,0,1,.48,1.19l-.4,4.62-2.27-4.05A1.34,1.34,0,0,1,21.44,12ZM17.37,22.26a1.51,1.51,0,0,1,1.26-.72,1.39,1.39,0,0,1,1,.41l3.34,3.23-4.57-.8a1.37,1.37,0,0,1-1-.76A1.35,1.35,0,0,1,17.37,22.26Z\" fill=\"#fff\"><\/path><circle cx=\"21.27\" cy=\"39.19\" r=\"1.78\" fill=\"#fff\"><\/circle><circle cx=\"37.23\" cy=\"20.69\" r=\"1.78\" fill=\"#fff\"><\/circle><circle cx=\"15.99\" cy=\"16.2\" r=\"1.78\" fill=\"#fff\"><\/circle><\/svg>\t\t\t\t<\/span>\n\t\t\t<\/div>\n\t\t\t\n\t\t\t\t\t\t<div class=\"elementor-icon-box-content\">\n\n\t\t\t\t\t\t\t\t\t<h3 class=\"elementor-icon-box-title\">\n\t\t\t\t\t\t<span  >\n\t\t\t\t\t\t\tZlatnica\t\t\t\t\t\t<\/span>\n\t\t\t\t\t<\/h3>\n\t\t\t\t\n\t\t\t\t\n\t\t\t<\/div>\n\t\t\t\n\t\t<\/div>\n\t\t\t\t\t\t<\/div>\n\t\t\t\t<div class=\"elementor-element elementor-element-166b775 elementor-position-inline-start elementor-view-default elementor-mobile-position-block-start elementor-widget elementor-widget-icon-box\" data-id=\"166b775\" data-element_type=\"widget\" data-e-type=\"widget\" data-widget_type=\"icon-box.default\">\n\t\t\t\t\t\t\t<div class=\"elementor-icon-box-wrapper\">\n\n\t\t\t\t\t\t<div class=\"elementor-icon-box-icon\">\n\t\t\t\t<span  class=\"elementor-icon\">\n\t\t\t\t<svg xmlns=\"http:\/\/www.w3.org\/2000\/svg\" viewBox=\"0 0 60.78 60.78\"><circle cx=\"30.39\" cy=\"30.39\" r=\"30.39\" fill=\"#ed1c24\"><\/circle><path d=\"M26.66,42.1a1.81,1.81,0,0,1-1.35-.6l-8.63-9.71a1.8,1.8,0,0,1,.15-2.54,1.83,1.83,0,0,1,1.2-.46,1.78,1.78,0,0,1,1.34.61l7.26,8.16L41.21,20.4a1.81,1.81,0,0,1,1.38-.64,1.83,1.83,0,0,1,1.16.43A1.81,1.81,0,0,1,44,22.73L28,41.47a1.84,1.84,0,0,1-1.35.63h0Z\" fill=\"#fff\"><\/path><path d=\"M26.66,41.8a1.49,1.49,0,0,1-1.12-.5l-8.63-9.71a1.5,1.5,0,1,1,2.24-2L26.63,38,41.44,20.59a1.5,1.5,0,1,1,2.29,1.95L27.8,41.27a1.52,1.52,0,0,1-1.13.53Z\" fill=\"#fff\"><\/path><\/svg>\t\t\t\t<\/span>\n\t\t\t<\/div>\n\t\t\t\n\t\t\t\t\t\t<div class=\"elementor-icon-box-content\">\n\n\t\t\t\t\t\t\t\t\t<h3 class=\"elementor-icon-box-title\">\n\t\t\t\t\t\t<span  >\n\t\t\t\t\t\t\tNema poznatih nuspojava. Mo\u017ee se sigurno koristiti uz antibiotsku terapiju. Ne sadr\u017ei gluten ni laktozu.\t\t\t\t\t\t<\/span>\n\t\t\t\t\t<\/h3>\n\t\t\t\t\n\t\t\t\t\n\t\t\t<\/div>\n\t\t\t\n\t\t<\/div>\n\t\t\t\t\t\t<\/div>\n\t\t\t\t<\/div>\n\t\t\t\t\t<\/div>\n\t\t\t\t<\/div>\n\t\t<div class=\"elementor-element elementor-element-22f7985 e-flex e-con-boxed e-con e-parent\" data-id=\"22f7985\" data-element_type=\"container\" data-e-type=\"container\" data-settings=\"{&quot;background_background&quot;:&quot;classic&quot;}\">\n\t\t\t\t\t<div class=\"e-con-inner\">\n\t\t<div class=\"elementor-element elementor-element-0b24719 e-con-full e-flex e-con e-child\" data-id=\"0b24719\" data-element_type=\"container\" data-e-type=\"container\" data-settings=\"{&quot;background_background&quot;:&quot;classic&quot;}\">\n\t\t\t\t<div class=\"elementor-element elementor-element-f0f026b elementor-position-left elementor-vertical-align-top elementor-widget elementor-widget-image-box\" data-id=\"f0f026b\" data-element_type=\"widget\" data-e-type=\"widget\" data-widget_type=\"image-box.default\">\n\t\t\t\t\t<div class=\"elementor-image-box-wrapper\"><figure class=\"elementor-image-box-img\"><img decoding=\"async\" width=\"143\" height=\"74\" src=\"https:\/\/urinal.aquariushost.net\/wp-content\/uploads\/2026\/03\/dosage.png\" class=\"attachment-full size-full wp-image-326\" alt=\"\" \/><\/figure><div class=\"elementor-image-box-content\"><h3 class=\"elementor-image-box-title\">Kako koristiti?<\/h3><p class=\"elementor-image-box-description\">1 tableta dnevno, sa odgovaraju\u0107om koli\u010dinom te\u010dnosti<\/p><\/div><\/div>\t\t\t\t<\/div>\n\t\t\t\t<\/div>\n\t\t\t\t\t<\/div>\n\t\t\t\t<\/div>\n\t\t<div class=\"elementor-element elementor-element-a75e380 e-flex e-con-boxed e-con e-parent\" data-id=\"a75e380\" data-element_type=\"container\" data-e-type=\"container\" data-settings=\"{&quot;background_background&quot;:&quot;classic&quot;}\">\n\t\t\t\t\t<div class=\"e-con-inner\">\n\t\t\t\t<div class=\"elementor-element elementor-element-264a679 elementor-widget elementor-widget-html\" data-id=\"264a679\" data-element_type=\"widget\" data-e-type=\"widget\" data-widget_type=\"html.default\">\n\t\t\t\t\t<style>\n.custom-table {\n  width: 70%;\n  border-collapse: separate;\n  border-spacing: 0;\n  border-radius: 10px;\n  overflow: hidden;\n  font-family: Arial, sans-serif;\n  margin: 20px auto;\n}\n\n\/* osnovne \u0107elije *\/\n.custom-table th,\n.custom-table td {\n  padding: 8px 10px;\n  font-size: 14px;\n}\n\n\/* header *\/\n.custom-table thead th {\n  background: #ffd155;\n  color: #000;\n  text-align: center;\n  border-right: 2px solid white;\n  border-bottom: 2px solid white;\n}\n\n\/* prva kolona *\/\n.custom-table td:first-child {\n  background: #ffd155;\n  font-weight: bold;\n  text-align: left;\n  border-right: 2px solid white;\n  border-bottom: 2px solid white;\n  width: 65%; \/* malo \u0161ira jer ima du\u017ei tekst *\/\n}\n\n\/* kolona sa koli\u010dinom *\/\n.custom-table td:last-child,\n.custom-table th:last-child {\n  width: 35%;\n  text-align: center;\n}\n\n\/* bijele \u0107elije *\/\n.custom-table td:not(:first-child) {\n  background: white;\n  border-right: 2px solid #ffd155;\n  border-bottom: 2px solid #ffd155;\n}\n\n\/* ukloni linije *\/\n.custom-table tr td:last-child,\n.custom-table tr th:last-child {\n  border-right: none;\n}\n\n.custom-table tbody tr:last-child td {\n  border-bottom: none;\n}\n<\/style>\n\n<table class=\"custom-table\">\n<thead>\n<tr>\n<th>Sadr\u017eaj aktivnih sastojaka<\/th>\n<th>1 tableta<\/th>\n<\/tr>\n<\/thead>\n<tbody>\n<tr>\n<td>Suhi vodo-etanolni ekstrakt ploda ameri\u010dke brusnice (<i>Vaccinium macrocarpon<\/i>)<\/td>\n<td>90 mg<\/td>\n<\/tr>\n<tr>\n<td>Standardizovan na 40% proantocijanidina<\/td>\n<td>36 mg<\/td>\n<\/tr>\n<tr>\n<td>Suhi vodo-etanolni ekstrakt herbe zlatnice (<i>Solidago virgaurea<\/i>), 10:1<\/td>\n<td>20 mg<\/td>\n<\/tr>\n<tr>\n<td>Vitamin D<\/td>\n<td>5 \u00b5g<\/td>\n<\/tr>\n<\/tbody>\n<\/table>\t\t\t\t<\/div>\n\t\t\t\t\t<\/div>\n\t\t\t\t<\/div>\n\t\t\t\t<\/div>\n\t\t","protected":false},"excerpt":{"rendered":"<p>Urinal Akut Dodatak ishrani Sna\u017ena podr\u0161ka od pojave simptoma urinarne infekcije! Mu\u010di vas peckanje i u\u010destala potreba za mokrenjem? Urinal\u00ae Akut pru\u017ea brzo i efikasno olak\u0161anje tegoba urinarnog trakta. Zahvaljuju\u0107i kombinaciji brusnice, ekstrakta zlatnice i vitamina D, poma\u017ee u ubla\u017eavanju simptoma urinarne infekcije i ispiranju bakterija iz mokra\u0107nog mjehura. Prakti\u010dna primjena \u2013 samo 1 tableta [&hellip;]<\/p>\n","protected":false},"author":1,"featured_media":0,"parent":0,"menu_order":0,"comment_status":"closed","ping_status":"closed","template":"","meta":{"footnotes":""},"class_list":["post-336","page","type-page","status-publish","hentry"],"_links":{"self":[{"href":"https:\/\/urinal.aquariushost.net\/index.php\/wp-json\/wp\/v2\/pages\/336","targetHints":{"allow":["GET"]}}],"collection":[{"href":"https:\/\/urinal.aquariushost.net\/index.php\/wp-json\/wp\/v2\/pages"}],"about":[{"href":"https:\/\/urinal.aquariushost.net\/index.php\/wp-json\/wp\/v2\/types\/page"}],"author":[{"embeddable":true,"href":"https:\/\/urinal.aquariushost.net\/index.php\/wp-json\/wp\/v2\/users\/1"}],"replies":[{"embeddable":true,"href":"https:\/\/urinal.aquariushost.net\/index.php\/wp-json\/wp\/v2\/comments?post=336"}],"version-history":[{"count":16,"href":"https:\/\/urinal.aquariushost.net\/index.php\/wp-json\/wp\/v2\/pages\/336\/revisions"}],"predecessor-version":[{"id":483,"href":"https:\/\/urinal.aquariushost.net\/index.php\/wp-json\/wp\/v2\/pages\/336\/revisions\/483"}],"wp:attachment":[{"href":"https:\/\/urinal.aquariushost.net\/index.php\/wp-json\/wp\/v2\/media?parent=336"}],"curies":[{"name":"wp","href":"https:\/\/api.w.org\/{rel}","templated":true}]}}