{"id":419,"date":"2026-03-06T13:11:24","date_gmt":"2026-03-06T13:11:24","guid":{"rendered":"https:\/\/urinal.aquariushost.net\/?page_id=419"},"modified":"2026-03-10T10:49:22","modified_gmt":"2026-03-10T10:49:22","slug":"gdje-kupiti","status":"publish","type":"page","link":"https:\/\/urinal.aquariushost.net\/index.php\/gdje-kupiti\/","title":{"rendered":"Gdje kupiti"},"content":{"rendered":"\t\t<div data-elementor-type=\"wp-page\" data-elementor-id=\"419\" class=\"elementor elementor-419\" data-elementor-post-type=\"page\">\n\t\t\t\t<div class=\"elementor-element elementor-element-2f56011 e-flex e-con-boxed e-con e-parent\" data-id=\"2f56011\" data-element_type=\"container\" data-e-type=\"container\">\n\t\t\t\t\t<div class=\"e-con-inner\">\n\t\t\t\t<div class=\"elementor-element elementor-element-34d851b elementor-widget elementor-widget-heading\" data-id=\"34d851b\" data-element_type=\"widget\" data-e-type=\"widget\" data-widget_type=\"heading.default\">\n\t\t\t\t\t<h1 class=\"elementor-heading-title elementor-size-default\">Gdje kupiti?<\/h1>\t\t\t\t<\/div>\n\t\t\t\t\t<\/div>\n\t\t\t\t<\/div>\n\t\t<div class=\"elementor-element elementor-element-0dbce03 e-flex e-con-boxed e-con e-parent\" data-id=\"0dbce03\" data-element_type=\"container\" data-e-type=\"container\">\n\t\t\t\t\t<div class=\"e-con-inner\">\n\t\t\t\t<div class=\"elementor-element elementor-element-12454b7 elementor-widget elementor-widget-heading\" data-id=\"12454b7\" data-element_type=\"widget\" data-e-type=\"widget\" data-widget_type=\"heading.default\">\n\t\t\t\t\t<h2 class=\"elementor-heading-title elementor-size-default\">Urinal proizvodi dostupni su u svim apotekama \u0161irom Bosne i Hercegovine, <br>lako ih mo\u017eete prona\u0107i u svom gradu ili naru\u010diti putem interneta.<\/h2>\t\t\t\t<\/div>\n\t\t\t\t<div class=\"elementor-element elementor-element-d11ad2e elementor-widget elementor-widget-spacer\" data-id=\"d11ad2e\" data-element_type=\"widget\" data-e-type=\"widget\" data-widget_type=\"spacer.default\">\n\t\t\t\t\t\t\t<div class=\"elementor-spacer\">\n\t\t\t<div class=\"elementor-spacer-inner\"><\/div>\n\t\t<\/div>\n\t\t\t\t\t\t<\/div>\n\t\t\t\t<div class=\"elementor-element elementor-element-644134d elementor-align-center elementor-widget elementor-widget-button\" data-id=\"644134d\" data-element_type=\"widget\" data-e-type=\"widget\" data-widget_type=\"button.default\">\n\t\t\t\t\t\t\t\t\t\t<a class=\"elementor-button elementor-button-link elementor-size-sm\" href=\"https:\/\/www.svakodobro.ba\/\" target=\"_blank\">\n\t\t\t\t\t\t<span class=\"elementor-button-content-wrapper\">\n\t\t\t\t\t\t\t\t\t<span class=\"elementor-button-text\">Kupi ovdje<\/span>\n\t\t\t\t\t<\/span>\n\t\t\t\t\t<\/a>\n\t\t\t\t\t\t\t\t<\/div>\n\t\t\t\t\t<\/div>\n\t\t\t\t<\/div>\n\t\t<div class=\"elementor-element elementor-element-0c20deb e-con-full e-flex e-con e-parent\" data-id=\"0c20deb\" data-element_type=\"container\" data-e-type=\"container\">\n\t\t\t\t<div class=\"elementor-element elementor-element-4106646 elementor-widget elementor-widget-image\" data-id=\"4106646\" data-element_type=\"widget\" data-e-type=\"widget\" data-widget_type=\"image.default\">\n\t\t\t\t\t\t\t\t\t\t\t\t\t\t\t\t<a href=\"https:\/\/www.svakodobro.ba\/\" target=\"_blank\">\n\t\t\t\t\t\t\t<img fetchpriority=\"high\" decoding=\"async\" width=\"1920\" height=\"1080\" src=\"https:\/\/urinal.aquariushost.net\/wp-content\/uploads\/2026\/03\/web-izlog-sajt.jpg\" class=\"attachment-full size-full wp-image-464\" alt=\"\" srcset=\"https:\/\/urinal.aquariushost.net\/wp-content\/uploads\/2026\/03\/web-izlog-sajt.jpg 1920w, https:\/\/urinal.aquariushost.net\/wp-content\/uploads\/2026\/03\/web-izlog-sajt-300x169.jpg 300w, https:\/\/urinal.aquariushost.net\/wp-content\/uploads\/2026\/03\/web-izlog-sajt-1024x576.jpg 1024w, https:\/\/urinal.aquariushost.net\/wp-content\/uploads\/2026\/03\/web-izlog-sajt-768x432.jpg 768w, https:\/\/urinal.aquariushost.net\/wp-content\/uploads\/2026\/03\/web-izlog-sajt-1536x864.jpg 1536w\" sizes=\"(max-width: 1920px) 100vw, 1920px\" \/>\t\t\t\t\t\t\t\t<\/a>\n\t\t\t\t\t\t\t\t\t\t\t\t\t\t\t<\/div>\n\t\t\t\t<\/div>\n\t\t\t\t<\/div>\n\t\t","protected":false},"excerpt":{"rendered":"<p>Gdje kupiti? Urinal proizvodi dostupni su u svim apotekama \u0161irom Bosne i Hercegovine, lako ih mo\u017eete prona\u0107i u svom gradu ili naru\u010diti putem interneta. Kupi ovdje<\/p>\n","protected":false},"author":1,"featured_media":0,"parent":0,"menu_order":0,"comment_status":"closed","ping_status":"closed","template":"","meta":{"footnotes":""},"class_list":["post-419","page","type-page","status-publish","hentry"],"_links":{"self":[{"href":"https:\/\/urinal.aquariushost.net\/index.php\/wp-json\/wp\/v2\/pages\/419","targetHints":{"allow":["GET"]}}],"collection":[{"href":"https:\/\/urinal.aquariushost.net\/index.php\/wp-json\/wp\/v2\/pages"}],"about":[{"href":"https:\/\/urinal.aquariushost.net\/index.php\/wp-json\/wp\/v2\/types\/page"}],"author":[{"embeddable":true,"href":"https:\/\/urinal.aquariushost.net\/index.php\/wp-json\/wp\/v2\/users\/1"}],"replies":[{"embeddable":true,"href":"https:\/\/urinal.aquariushost.net\/index.php\/wp-json\/wp\/v2\/comments?post=419"}],"version-history":[{"count":26,"href":"https:\/\/urinal.aquariushost.net\/index.php\/wp-json\/wp\/v2\/pages\/419\/revisions"}],"predecessor-version":[{"id":467,"href":"https:\/\/urinal.aquariushost.net\/index.php\/wp-json\/wp\/v2\/pages\/419\/revisions\/467"}],"wp:attachment":[{"href":"https:\/\/urinal.aquariushost.net\/index.php\/wp-json\/wp\/v2\/media?parent=419"}],"curies":[{"name":"wp","href":"https:\/\/api.w.org\/{rel}","templated":true}]}}